{"id":13874,"date":"2025-08-06T16:55:17","date_gmt":"2025-08-06T19:55:17","guid":{"rendered":"https:\/\/yguacumaquinas.com.br\/?post_type=product&#038;p=13874"},"modified":"2025-09-24T15:02:00","modified_gmt":"2025-09-24T18:02:00","slug":"digital-de-tempo-temperatura-inv-yb-yb1-11-j-h","status":"publish","type":"product","link":"https:\/\/yguacumaquinas.com.br\/es\/product\/digital-de-tempo-temperatura-inv-yb-yb1-11-j-h\/","title":{"rendered":"Tiempo\/temperatura digital INV-YB YB1-11-J-H"},"content":{"rendered":"<p>Tiempo\/Temperatura digital utilizado en las prensas (Manual 38\u00d738 \/ 40\u00d750 \/ 50\u00d770, mesa de grabado con horno, carrusel 38\u00d738 \/ 40\u00d750 \/ 50\u00d770)<\/p>","protected":false},"excerpt":{"rendered":"<p>Utilizado en prensas (Manual 38\u00d738 \/ 40\u00d750 \/ 50\u00d770, Mesa de Grabado con Horno, Carrusel 38\u00d738 \/ 40\u00d750 \/ 50\u00d770)<\/p>","protected":false},"featured_media":13933,"comment_status":"open","ping_status":"closed","template":"","meta":[],"product_brand":[],"product_cat":[113],"product_tag":[],"class_list":{"0":"post-13874","1":"product","2":"type-product","3":"status-publish","4":"has-post-thumbnail","6":"product_cat-pecas-de-reposicao","8":"first","9":"instock","10":"shipping-taxable","11":"purchasable","12":"product-type-simple"},"yoast_head":"<!-- This site is optimized with the Yoast SEO plugin v26.5 - https:\/\/yoast.com\/wordpress\/plugins\/seo\/ -->\n<title>Digital de Tempo\/Temperatura INV-YB YB1-11-J-H - Ygua\u00e7u M\u00e1quinas<\/title>\n<meta name=\"robots\" content=\"index, follow, max-snippet:-1, max-image-preview:large, max-video-preview:-1\" \/>\n<link rel=\"canonical\" href=\"https:\/\/yguacumaquinas.com.br\/es\/product\/digital-de-tempo-temperatura-inv-yb-yb1-11-j-h\/\" \/>\n<meta property=\"og:locale\" content=\"es_ES\" \/>\n<meta property=\"og:type\" content=\"article\" \/>\n<meta property=\"og:title\" content=\"Digital de Tempo\/Temperatura INV-YB YB1-11-J-H - Ygua\u00e7u M\u00e1quinas\" \/>\n<meta property=\"og:description\" content=\"Utilizado nas prensas (Manual 38x38 \/ 40x50 \/ 50x70, Mesa de Grava\u00e7\u00e3o com Estufa, Carrossel 38x38 \/ 40x50 \/ 50x70)\" \/>\n<meta property=\"og:url\" content=\"https:\/\/yguacumaquinas.com.br\/es\/product\/digital-de-tempo-temperatura-inv-yb-yb1-11-j-h\/\" \/>\n<meta property=\"og:site_name\" content=\"Ygua\u00e7u M\u00e1quinas\" \/>\n<meta property=\"article:publisher\" content=\"https:\/\/www.facebook.com\/Yguacu\" \/>\n<meta property=\"article:modified_time\" content=\"2025-09-24T18:02:00+00:00\" \/>\n<meta property=\"og:image\" content=\"https:\/\/yguacumaquinas.com.br\/wp-content\/uploads\/2025\/08\/Digital-de-Tempo-Temperatura-INV-YB-YB1-11-J-H.webp\" \/>\n\t<meta property=\"og:image:width\" content=\"2000\" \/>\n\t<meta property=\"og:image:height\" content=\"2000\" \/>\n\t<meta property=\"og:image:type\" content=\"image\/webp\" \/>\n<meta name=\"twitter:card\" content=\"summary_large_image\" \/>\n<meta name=\"twitter:label1\" content=\"Tiempo de lectura\" \/>\n\t<meta name=\"twitter:data1\" content=\"1 minuto\" \/>\n<script type=\"application\/ld+json\" class=\"yoast-schema-graph\">{\"@context\":\"https:\/\/schema.org\",\"@graph\":[{\"@type\":\"WebPage\",\"@id\":\"https:\/\/yguacumaquinas.com.br\/produto\/digital-de-tempo-temperatura-inv-yb-yb1-11-j-h\/\",\"url\":\"https:\/\/yguacumaquinas.com.br\/produto\/digital-de-tempo-temperatura-inv-yb-yb1-11-j-h\/\",\"name\":\"Digital de Tempo\/Temperatura INV-YB YB1-11-J-H - Ygua\u00e7u M\u00e1quinas\",\"isPartOf\":{\"@id\":\"https:\/\/yguacumaquinas.com.br\/#website\"},\"primaryImageOfPage\":{\"@id\":\"https:\/\/yguacumaquinas.com.br\/produto\/digital-de-tempo-temperatura-inv-yb-yb1-11-j-h\/#primaryimage\"},\"image\":{\"@id\":\"https:\/\/yguacumaquinas.com.br\/produto\/digital-de-tempo-temperatura-inv-yb-yb1-11-j-h\/#primaryimage\"},\"thumbnailUrl\":\"https:\/\/yguacumaquinas.com.br\/wp-content\/uploads\/2025\/08\/Digital-de-Tempo-Temperatura-INV-YB-YB1-11-J-H.webp\",\"datePublished\":\"2025-08-06T19:55:17+00:00\",\"dateModified\":\"2025-09-24T18:02:00+00:00\",\"breadcrumb\":{\"@id\":\"https:\/\/yguacumaquinas.com.br\/produto\/digital-de-tempo-temperatura-inv-yb-yb1-11-j-h\/#breadcrumb\"},\"inLanguage\":\"es\",\"potentialAction\":[{\"@type\":\"ReadAction\",\"target\":[\"https:\/\/yguacumaquinas.com.br\/produto\/digital-de-tempo-temperatura-inv-yb-yb1-11-j-h\/\"]}]},{\"@type\":\"ImageObject\",\"inLanguage\":\"es\",\"@id\":\"https:\/\/yguacumaquinas.com.br\/produto\/digital-de-tempo-temperatura-inv-yb-yb1-11-j-h\/#primaryimage\",\"url\":\"https:\/\/yguacumaquinas.com.br\/wp-content\/uploads\/2025\/08\/Digital-de-Tempo-Temperatura-INV-YB-YB1-11-J-H.webp\",\"contentUrl\":\"https:\/\/yguacumaquinas.com.br\/wp-content\/uploads\/2025\/08\/Digital-de-Tempo-Temperatura-INV-YB-YB1-11-J-H.webp\",\"width\":2000,\"height\":2000},{\"@type\":\"BreadcrumbList\",\"@id\":\"https:\/\/yguacumaquinas.com.br\/produto\/digital-de-tempo-temperatura-inv-yb-yb1-11-j-h\/#breadcrumb\",\"itemListElement\":[{\"@type\":\"ListItem\",\"position\":1,\"name\":\"In\u00edcio\",\"item\":\"https:\/\/yguacumaquinas.com.br\/\"},{\"@type\":\"ListItem\",\"position\":2,\"name\":\"Produtos\",\"item\":\"https:\/\/yguacumaquinas.com.br\/loja\/\"},{\"@type\":\"ListItem\",\"position\":3,\"name\":\"Digital de Tempo\/Temperatura INV-YB YB1-11-J-H\"}]},{\"@type\":\"WebSite\",\"@id\":\"https:\/\/yguacumaquinas.com.br\/#website\",\"url\":\"https:\/\/yguacumaquinas.com.br\/\",\"name\":\"Ygua\u00e7u M\u00e1quinas\",\"description\":\"Ygua\u00e7u M\u00e1quinas - Inova\u00e7\u00e3o e Qualidade em Equipamentos para Serigrafia e Impress\u00e3o. Com mais de 30 anos de experi\u00eancia, oferecemos prensas pneum\u00e1ticas, t\u00e9rmicas, secadores de tinta e mesas de impress\u00e3o de alta performance, garantindo efici\u00eancia e durabilidade para suas produ\u00e7\u00f5es.\",\"publisher\":{\"@id\":\"https:\/\/yguacumaquinas.com.br\/#organization\"},\"potentialAction\":[{\"@type\":\"SearchAction\",\"target\":{\"@type\":\"EntryPoint\",\"urlTemplate\":\"https:\/\/yguacumaquinas.com.br\/?s={search_term_string}\"},\"query-input\":{\"@type\":\"PropertyValueSpecification\",\"valueRequired\":true,\"valueName\":\"search_term_string\"}}],\"inLanguage\":\"es\"},{\"@type\":\"Organization\",\"@id\":\"https:\/\/yguacumaquinas.com.br\/#organization\",\"name\":\"Ygua\u00e7u M\u00e1quinas\",\"alternateName\":\"https:\/\/yguacumaquinas.com.br\/todos-produtos\/\",\"url\":\"https:\/\/yguacumaquinas.com.br\/\",\"logo\":{\"@type\":\"ImageObject\",\"inLanguage\":\"es\",\"@id\":\"https:\/\/yguacumaquinas.com.br\/#\/schema\/logo\/image\/\",\"url\":\"https:\/\/yguacumaquinas.com.br\/wp-content\/uploads\/2024\/05\/Logo-Yguacu-site.webp\",\"contentUrl\":\"https:\/\/yguacumaquinas.com.br\/wp-content\/uploads\/2024\/05\/Logo-Yguacu-site.webp\",\"width\":208,\"height\":102,\"caption\":\"Ygua\u00e7u M\u00e1quinas\"},\"image\":{\"@id\":\"https:\/\/yguacumaquinas.com.br\/#\/schema\/logo\/image\/\"},\"sameAs\":[\"https:\/\/www.facebook.com\/Yguacu\"]}]}<\/script>\n<!-- \/ Yoast SEO plugin. -->","yoast_head_json":{"title":"Digital de Tempo\/Temperatura INV-YB YB1-11-J-H - Ygua\u00e7u M\u00e1quinas","robots":{"index":"index","follow":"follow","max-snippet":"max-snippet:-1","max-image-preview":"max-image-preview:large","max-video-preview":"max-video-preview:-1"},"canonical":"https:\/\/yguacumaquinas.com.br\/es\/product\/digital-de-tempo-temperatura-inv-yb-yb1-11-j-h\/","og_locale":"es_ES","og_type":"article","og_title":"Digital de Tempo\/Temperatura INV-YB YB1-11-J-H - Ygua\u00e7u M\u00e1quinas","og_description":"Utilizado nas prensas (Manual 38x38 \/ 40x50 \/ 50x70, Mesa de Grava\u00e7\u00e3o com Estufa, Carrossel 38x38 \/ 40x50 \/ 50x70)","og_url":"https:\/\/yguacumaquinas.com.br\/es\/product\/digital-de-tempo-temperatura-inv-yb-yb1-11-j-h\/","og_site_name":"Ygua\u00e7u M\u00e1quinas","article_publisher":"https:\/\/www.facebook.com\/Yguacu","article_modified_time":"2025-09-24T18:02:00+00:00","og_image":[{"width":2000,"height":2000,"url":"https:\/\/yguacumaquinas.com.br\/wp-content\/uploads\/2025\/08\/Digital-de-Tempo-Temperatura-INV-YB-YB1-11-J-H.webp","type":"image\/webp"}],"twitter_card":"summary_large_image","twitter_misc":{"Tiempo de lectura":"1 minuto"},"schema":{"@context":"https:\/\/schema.org","@graph":[{"@type":"WebPage","@id":"https:\/\/yguacumaquinas.com.br\/produto\/digital-de-tempo-temperatura-inv-yb-yb1-11-j-h\/","url":"https:\/\/yguacumaquinas.com.br\/produto\/digital-de-tempo-temperatura-inv-yb-yb1-11-j-h\/","name":"Digital de Tempo\/Temperatura INV-YB YB1-11-J-H - Ygua\u00e7u M\u00e1quinas","isPartOf":{"@id":"https:\/\/yguacumaquinas.com.br\/#website"},"primaryImageOfPage":{"@id":"https:\/\/yguacumaquinas.com.br\/produto\/digital-de-tempo-temperatura-inv-yb-yb1-11-j-h\/#primaryimage"},"image":{"@id":"https:\/\/yguacumaquinas.com.br\/produto\/digital-de-tempo-temperatura-inv-yb-yb1-11-j-h\/#primaryimage"},"thumbnailUrl":"https:\/\/yguacumaquinas.com.br\/wp-content\/uploads\/2025\/08\/Digital-de-Tempo-Temperatura-INV-YB-YB1-11-J-H.webp","datePublished":"2025-08-06T19:55:17+00:00","dateModified":"2025-09-24T18:02:00+00:00","breadcrumb":{"@id":"https:\/\/yguacumaquinas.com.br\/produto\/digital-de-tempo-temperatura-inv-yb-yb1-11-j-h\/#breadcrumb"},"inLanguage":"es","potentialAction":[{"@type":"ReadAction","target":["https:\/\/yguacumaquinas.com.br\/produto\/digital-de-tempo-temperatura-inv-yb-yb1-11-j-h\/"]}]},{"@type":"ImageObject","inLanguage":"es","@id":"https:\/\/yguacumaquinas.com.br\/produto\/digital-de-tempo-temperatura-inv-yb-yb1-11-j-h\/#primaryimage","url":"https:\/\/yguacumaquinas.com.br\/wp-content\/uploads\/2025\/08\/Digital-de-Tempo-Temperatura-INV-YB-YB1-11-J-H.webp","contentUrl":"https:\/\/yguacumaquinas.com.br\/wp-content\/uploads\/2025\/08\/Digital-de-Tempo-Temperatura-INV-YB-YB1-11-J-H.webp","width":2000,"height":2000},{"@type":"BreadcrumbList","@id":"https:\/\/yguacumaquinas.com.br\/produto\/digital-de-tempo-temperatura-inv-yb-yb1-11-j-h\/#breadcrumb","itemListElement":[{"@type":"ListItem","position":1,"name":"In\u00edcio","item":"https:\/\/yguacumaquinas.com.br\/"},{"@type":"ListItem","position":2,"name":"Produtos","item":"https:\/\/yguacumaquinas.com.br\/loja\/"},{"@type":"ListItem","position":3,"name":"Digital de Tempo\/Temperatura INV-YB YB1-11-J-H"}]},{"@type":"WebSite","@id":"https:\/\/yguacumaquinas.com.br\/#website","url":"https:\/\/yguacumaquinas.com.br\/","name":"Ygua\u00e7u M\u00e1quinas","description":"Ygua\u00e7u M\u00e1quinas - Inova\u00e7\u00e3o e Qualidade em Equipamentos para Serigrafia e Impress\u00e3o. Com mais de 30 anos de experi\u00eancia, oferecemos prensas pneum\u00e1ticas, t\u00e9rmicas, secadores de tinta e mesas de impress\u00e3o de alta performance, garantindo efici\u00eancia e durabilidade para suas produ\u00e7\u00f5es.","publisher":{"@id":"https:\/\/yguacumaquinas.com.br\/#organization"},"potentialAction":[{"@type":"SearchAction","target":{"@type":"EntryPoint","urlTemplate":"https:\/\/yguacumaquinas.com.br\/?s={search_term_string}"},"query-input":{"@type":"PropertyValueSpecification","valueRequired":true,"valueName":"search_term_string"}}],"inLanguage":"es"},{"@type":"Organization","@id":"https:\/\/yguacumaquinas.com.br\/#organization","name":"Ygua\u00e7u M\u00e1quinas","alternateName":"https:\/\/yguacumaquinas.com.br\/todos-produtos\/","url":"https:\/\/yguacumaquinas.com.br\/","logo":{"@type":"ImageObject","inLanguage":"es","@id":"https:\/\/yguacumaquinas.com.br\/#\/schema\/logo\/image\/","url":"https:\/\/yguacumaquinas.com.br\/wp-content\/uploads\/2024\/05\/Logo-Yguacu-site.webp","contentUrl":"https:\/\/yguacumaquinas.com.br\/wp-content\/uploads\/2024\/05\/Logo-Yguacu-site.webp","width":208,"height":102,"caption":"Ygua\u00e7u M\u00e1quinas"},"image":{"@id":"https:\/\/yguacumaquinas.com.br\/#\/schema\/logo\/image\/"},"sameAs":["https:\/\/www.facebook.com\/Yguacu"]}]}},"_links":{"self":[{"href":"https:\/\/yguacumaquinas.com.br\/es\/wp-json\/wp\/v2\/product\/13874","targetHints":{"allow":["GET"]}}],"collection":[{"href":"https:\/\/yguacumaquinas.com.br\/es\/wp-json\/wp\/v2\/product"}],"about":[{"href":"https:\/\/yguacumaquinas.com.br\/es\/wp-json\/wp\/v2\/types\/product"}],"replies":[{"embeddable":true,"href":"https:\/\/yguacumaquinas.com.br\/es\/wp-json\/wp\/v2\/comments?post=13874"}],"wp:featuredmedia":[{"embeddable":true,"href":"https:\/\/yguacumaquinas.com.br\/es\/wp-json\/wp\/v2\/media\/13933"}],"wp:attachment":[{"href":"https:\/\/yguacumaquinas.com.br\/es\/wp-json\/wp\/v2\/media?parent=13874"}],"wp:term":[{"taxonomy":"product_brand","embeddable":true,"href":"https:\/\/yguacumaquinas.com.br\/es\/wp-json\/wp\/v2\/product_brand?post=13874"},{"taxonomy":"product_cat","embeddable":true,"href":"https:\/\/yguacumaquinas.com.br\/es\/wp-json\/wp\/v2\/product_cat?post=13874"},{"taxonomy":"product_tag","embeddable":true,"href":"https:\/\/yguacumaquinas.com.br\/es\/wp-json\/wp\/v2\/product_tag?post=13874"}],"curies":[{"name":"wp","href":"https:\/\/api.w.org\/{rel}","templated":true}]}}