{"id":13649,"date":"2025-07-30T11:18:55","date_gmt":"2025-07-30T14:18:55","guid":{"rendered":"https:\/\/yguacumaquinas.com.br\/?post_type=product&#038;p=13649"},"modified":"2025-09-25T11:58:10","modified_gmt":"2025-09-25T14:58:10","slug":"kit-reparo-125mm-werk-schott-compacta-75x140-tradicional-75x140-e-unilateral-140","status":"publish","type":"product","link":"https:\/\/yguacumaquinas.com.br\/es\/product\/kit-reparo-125mm-werk-schott-compacta-75x140-tradicional-75x140-e-unilateral-140\/","title":{"rendered":"Kit de reparaci\u00f3n Werk Schott de 125 mm (compacto 75\u00d7140, tradicional 75\u00d7140 y unilateral 140)"},"content":{"rendered":"<p>Kit de reparaci\u00f3n Werk Schott de 125 mm (compacto 75\u00d7140, tradicional 75\u00d7140 y unilateral 140)<\/p>","protected":false},"excerpt":{"rendered":"<p>Kit de reparaci\u00f3n Werk Schott de 125 mm (compacto 75\u00d7140, tradicional 75\u00d7140 y unilateral 140)<\/p>","protected":false},"featured_media":13724,"comment_status":"open","ping_status":"closed","template":"","meta":[],"product_brand":[],"product_cat":[113],"product_tag":[],"class_list":{"0":"post-13649","1":"product","2":"type-product","3":"status-publish","4":"has-post-thumbnail","6":"product_cat-pecas-de-reposicao","8":"first","9":"instock","10":"shipping-taxable","11":"purchasable","12":"product-type-simple"},"yoast_head":"<!-- This site is optimized with the Yoast SEO plugin v26.5 - https:\/\/yoast.com\/wordpress\/plugins\/seo\/ -->\n<title>Kit Reparo 125mm Werk Schott (Compacta 75x140, Tradicional 75x140 e Unilateral 140) - Ygua\u00e7u M\u00e1quinas<\/title>\n<meta name=\"robots\" content=\"index, follow, max-snippet:-1, max-image-preview:large, max-video-preview:-1\" \/>\n<link rel=\"canonical\" href=\"https:\/\/yguacumaquinas.com.br\/es\/product\/kit-reparo-125mm-werk-schott-compacta-75x140-tradicional-75x140-e-unilateral-140\/\" \/>\n<meta property=\"og:locale\" content=\"es_ES\" \/>\n<meta property=\"og:type\" content=\"article\" \/>\n<meta property=\"og:title\" content=\"Kit Reparo 125mm Werk Schott (Compacta 75x140, Tradicional 75x140 e Unilateral 140) - Ygua\u00e7u M\u00e1quinas\" \/>\n<meta property=\"og:description\" content=\"Kit Reparo 125mm Werk Schott (Compacta 75x140, Tradicional 75x140 e Unilateral 140)\" \/>\n<meta property=\"og:url\" content=\"https:\/\/yguacumaquinas.com.br\/es\/product\/kit-reparo-125mm-werk-schott-compacta-75x140-tradicional-75x140-e-unilateral-140\/\" \/>\n<meta property=\"og:site_name\" content=\"Ygua\u00e7u M\u00e1quinas\" \/>\n<meta property=\"article:publisher\" content=\"https:\/\/www.facebook.com\/Yguacu\" \/>\n<meta property=\"article:modified_time\" content=\"2025-09-25T14:58:10+00:00\" \/>\n<meta property=\"og:image\" content=\"https:\/\/yguacumaquinas.com.br\/wp-content\/uploads\/2025\/07\/Kit-Reparo-125mm.jpg\" \/>\n\t<meta property=\"og:image:width\" content=\"500\" \/>\n\t<meta property=\"og:image:height\" content=\"500\" \/>\n\t<meta property=\"og:image:type\" content=\"image\/jpeg\" \/>\n<meta name=\"twitter:card\" content=\"summary_large_image\" \/>\n<meta name=\"twitter:label1\" content=\"Tiempo de lectura\" \/>\n\t<meta name=\"twitter:data1\" content=\"1 minuto\" \/>\n<script type=\"application\/ld+json\" class=\"yoast-schema-graph\">{\"@context\":\"https:\/\/schema.org\",\"@graph\":[{\"@type\":\"WebPage\",\"@id\":\"https:\/\/yguacumaquinas.com.br\/produto\/kit-reparo-125mm-werk-schott-compacta-75x140-tradicional-75x140-e-unilateral-140\/\",\"url\":\"https:\/\/yguacumaquinas.com.br\/produto\/kit-reparo-125mm-werk-schott-compacta-75x140-tradicional-75x140-e-unilateral-140\/\",\"name\":\"Kit Reparo 125mm Werk Schott (Compacta 75x140, Tradicional 75x140 e Unilateral 140) - Ygua\u00e7u M\u00e1quinas\",\"isPartOf\":{\"@id\":\"https:\/\/yguacumaquinas.com.br\/#website\"},\"primaryImageOfPage\":{\"@id\":\"https:\/\/yguacumaquinas.com.br\/produto\/kit-reparo-125mm-werk-schott-compacta-75x140-tradicional-75x140-e-unilateral-140\/#primaryimage\"},\"image\":{\"@id\":\"https:\/\/yguacumaquinas.com.br\/produto\/kit-reparo-125mm-werk-schott-compacta-75x140-tradicional-75x140-e-unilateral-140\/#primaryimage\"},\"thumbnailUrl\":\"https:\/\/yguacumaquinas.com.br\/wp-content\/uploads\/2025\/07\/Kit-Reparo-125mm.jpg\",\"datePublished\":\"2025-07-30T14:18:55+00:00\",\"dateModified\":\"2025-09-25T14:58:10+00:00\",\"breadcrumb\":{\"@id\":\"https:\/\/yguacumaquinas.com.br\/produto\/kit-reparo-125mm-werk-schott-compacta-75x140-tradicional-75x140-e-unilateral-140\/#breadcrumb\"},\"inLanguage\":\"es\",\"potentialAction\":[{\"@type\":\"ReadAction\",\"target\":[\"https:\/\/yguacumaquinas.com.br\/produto\/kit-reparo-125mm-werk-schott-compacta-75x140-tradicional-75x140-e-unilateral-140\/\"]}]},{\"@type\":\"ImageObject\",\"inLanguage\":\"es\",\"@id\":\"https:\/\/yguacumaquinas.com.br\/produto\/kit-reparo-125mm-werk-schott-compacta-75x140-tradicional-75x140-e-unilateral-140\/#primaryimage\",\"url\":\"https:\/\/yguacumaquinas.com.br\/wp-content\/uploads\/2025\/07\/Kit-Reparo-125mm.jpg\",\"contentUrl\":\"https:\/\/yguacumaquinas.com.br\/wp-content\/uploads\/2025\/07\/Kit-Reparo-125mm.jpg\",\"width\":500,\"height\":500},{\"@type\":\"BreadcrumbList\",\"@id\":\"https:\/\/yguacumaquinas.com.br\/produto\/kit-reparo-125mm-werk-schott-compacta-75x140-tradicional-75x140-e-unilateral-140\/#breadcrumb\",\"itemListElement\":[{\"@type\":\"ListItem\",\"position\":1,\"name\":\"In\u00edcio\",\"item\":\"https:\/\/yguacumaquinas.com.br\/\"},{\"@type\":\"ListItem\",\"position\":2,\"name\":\"Produtos\",\"item\":\"https:\/\/yguacumaquinas.com.br\/loja\/\"},{\"@type\":\"ListItem\",\"position\":3,\"name\":\"Kit Reparo 125mm Werk Schott (Compacta 75&#215;140, Tradicional 75&#215;140 e Unilateral 140)\"}]},{\"@type\":\"WebSite\",\"@id\":\"https:\/\/yguacumaquinas.com.br\/#website\",\"url\":\"https:\/\/yguacumaquinas.com.br\/\",\"name\":\"Ygua\u00e7u M\u00e1quinas\",\"description\":\"Ygua\u00e7u M\u00e1quinas - Inova\u00e7\u00e3o e Qualidade em Equipamentos para Serigrafia e Impress\u00e3o. Com mais de 30 anos de experi\u00eancia, oferecemos prensas pneum\u00e1ticas, t\u00e9rmicas, secadores de tinta e mesas de impress\u00e3o de alta performance, garantindo efici\u00eancia e durabilidade para suas produ\u00e7\u00f5es.\",\"publisher\":{\"@id\":\"https:\/\/yguacumaquinas.com.br\/#organization\"},\"potentialAction\":[{\"@type\":\"SearchAction\",\"target\":{\"@type\":\"EntryPoint\",\"urlTemplate\":\"https:\/\/yguacumaquinas.com.br\/?s={search_term_string}\"},\"query-input\":{\"@type\":\"PropertyValueSpecification\",\"valueRequired\":true,\"valueName\":\"search_term_string\"}}],\"inLanguage\":\"es\"},{\"@type\":\"Organization\",\"@id\":\"https:\/\/yguacumaquinas.com.br\/#organization\",\"name\":\"Ygua\u00e7u M\u00e1quinas\",\"alternateName\":\"https:\/\/yguacumaquinas.com.br\/todos-produtos\/\",\"url\":\"https:\/\/yguacumaquinas.com.br\/\",\"logo\":{\"@type\":\"ImageObject\",\"inLanguage\":\"es\",\"@id\":\"https:\/\/yguacumaquinas.com.br\/#\/schema\/logo\/image\/\",\"url\":\"https:\/\/yguacumaquinas.com.br\/wp-content\/uploads\/2024\/05\/Logo-Yguacu-site.webp\",\"contentUrl\":\"https:\/\/yguacumaquinas.com.br\/wp-content\/uploads\/2024\/05\/Logo-Yguacu-site.webp\",\"width\":208,\"height\":102,\"caption\":\"Ygua\u00e7u M\u00e1quinas\"},\"image\":{\"@id\":\"https:\/\/yguacumaquinas.com.br\/#\/schema\/logo\/image\/\"},\"sameAs\":[\"https:\/\/www.facebook.com\/Yguacu\"]}]}<\/script>\n<!-- \/ Yoast SEO plugin. -->","yoast_head_json":{"title":"Kit Reparo 125mm Werk Schott (Compacta 75x140, Tradicional 75x140 e Unilateral 140) - Ygua\u00e7u M\u00e1quinas","robots":{"index":"index","follow":"follow","max-snippet":"max-snippet:-1","max-image-preview":"max-image-preview:large","max-video-preview":"max-video-preview:-1"},"canonical":"https:\/\/yguacumaquinas.com.br\/es\/product\/kit-reparo-125mm-werk-schott-compacta-75x140-tradicional-75x140-e-unilateral-140\/","og_locale":"es_ES","og_type":"article","og_title":"Kit Reparo 125mm Werk Schott (Compacta 75x140, Tradicional 75x140 e Unilateral 140) - Ygua\u00e7u M\u00e1quinas","og_description":"Kit Reparo 125mm Werk Schott (Compacta 75x140, Tradicional 75x140 e Unilateral 140)","og_url":"https:\/\/yguacumaquinas.com.br\/es\/product\/kit-reparo-125mm-werk-schott-compacta-75x140-tradicional-75x140-e-unilateral-140\/","og_site_name":"Ygua\u00e7u M\u00e1quinas","article_publisher":"https:\/\/www.facebook.com\/Yguacu","article_modified_time":"2025-09-25T14:58:10+00:00","og_image":[{"width":500,"height":500,"url":"https:\/\/yguacumaquinas.com.br\/wp-content\/uploads\/2025\/07\/Kit-Reparo-125mm.jpg","type":"image\/jpeg"}],"twitter_card":"summary_large_image","twitter_misc":{"Tiempo de lectura":"1 minuto"},"schema":{"@context":"https:\/\/schema.org","@graph":[{"@type":"WebPage","@id":"https:\/\/yguacumaquinas.com.br\/produto\/kit-reparo-125mm-werk-schott-compacta-75x140-tradicional-75x140-e-unilateral-140\/","url":"https:\/\/yguacumaquinas.com.br\/produto\/kit-reparo-125mm-werk-schott-compacta-75x140-tradicional-75x140-e-unilateral-140\/","name":"Kit Reparo 125mm Werk Schott (Compacta 75x140, Tradicional 75x140 e Unilateral 140) - Ygua\u00e7u M\u00e1quinas","isPartOf":{"@id":"https:\/\/yguacumaquinas.com.br\/#website"},"primaryImageOfPage":{"@id":"https:\/\/yguacumaquinas.com.br\/produto\/kit-reparo-125mm-werk-schott-compacta-75x140-tradicional-75x140-e-unilateral-140\/#primaryimage"},"image":{"@id":"https:\/\/yguacumaquinas.com.br\/produto\/kit-reparo-125mm-werk-schott-compacta-75x140-tradicional-75x140-e-unilateral-140\/#primaryimage"},"thumbnailUrl":"https:\/\/yguacumaquinas.com.br\/wp-content\/uploads\/2025\/07\/Kit-Reparo-125mm.jpg","datePublished":"2025-07-30T14:18:55+00:00","dateModified":"2025-09-25T14:58:10+00:00","breadcrumb":{"@id":"https:\/\/yguacumaquinas.com.br\/produto\/kit-reparo-125mm-werk-schott-compacta-75x140-tradicional-75x140-e-unilateral-140\/#breadcrumb"},"inLanguage":"es","potentialAction":[{"@type":"ReadAction","target":["https:\/\/yguacumaquinas.com.br\/produto\/kit-reparo-125mm-werk-schott-compacta-75x140-tradicional-75x140-e-unilateral-140\/"]}]},{"@type":"ImageObject","inLanguage":"es","@id":"https:\/\/yguacumaquinas.com.br\/produto\/kit-reparo-125mm-werk-schott-compacta-75x140-tradicional-75x140-e-unilateral-140\/#primaryimage","url":"https:\/\/yguacumaquinas.com.br\/wp-content\/uploads\/2025\/07\/Kit-Reparo-125mm.jpg","contentUrl":"https:\/\/yguacumaquinas.com.br\/wp-content\/uploads\/2025\/07\/Kit-Reparo-125mm.jpg","width":500,"height":500},{"@type":"BreadcrumbList","@id":"https:\/\/yguacumaquinas.com.br\/produto\/kit-reparo-125mm-werk-schott-compacta-75x140-tradicional-75x140-e-unilateral-140\/#breadcrumb","itemListElement":[{"@type":"ListItem","position":1,"name":"In\u00edcio","item":"https:\/\/yguacumaquinas.com.br\/"},{"@type":"ListItem","position":2,"name":"Produtos","item":"https:\/\/yguacumaquinas.com.br\/loja\/"},{"@type":"ListItem","position":3,"name":"Kit Reparo 125mm Werk Schott (Compacta 75&#215;140, Tradicional 75&#215;140 e Unilateral 140)"}]},{"@type":"WebSite","@id":"https:\/\/yguacumaquinas.com.br\/#website","url":"https:\/\/yguacumaquinas.com.br\/","name":"Ygua\u00e7u M\u00e1quinas","description":"Ygua\u00e7u M\u00e1quinas - Inova\u00e7\u00e3o e Qualidade em Equipamentos para Serigrafia e Impress\u00e3o. Com mais de 30 anos de experi\u00eancia, oferecemos prensas pneum\u00e1ticas, t\u00e9rmicas, secadores de tinta e mesas de impress\u00e3o de alta performance, garantindo efici\u00eancia e durabilidade para suas produ\u00e7\u00f5es.","publisher":{"@id":"https:\/\/yguacumaquinas.com.br\/#organization"},"potentialAction":[{"@type":"SearchAction","target":{"@type":"EntryPoint","urlTemplate":"https:\/\/yguacumaquinas.com.br\/?s={search_term_string}"},"query-input":{"@type":"PropertyValueSpecification","valueRequired":true,"valueName":"search_term_string"}}],"inLanguage":"es"},{"@type":"Organization","@id":"https:\/\/yguacumaquinas.com.br\/#organization","name":"Ygua\u00e7u M\u00e1quinas","alternateName":"https:\/\/yguacumaquinas.com.br\/todos-produtos\/","url":"https:\/\/yguacumaquinas.com.br\/","logo":{"@type":"ImageObject","inLanguage":"es","@id":"https:\/\/yguacumaquinas.com.br\/#\/schema\/logo\/image\/","url":"https:\/\/yguacumaquinas.com.br\/wp-content\/uploads\/2024\/05\/Logo-Yguacu-site.webp","contentUrl":"https:\/\/yguacumaquinas.com.br\/wp-content\/uploads\/2024\/05\/Logo-Yguacu-site.webp","width":208,"height":102,"caption":"Ygua\u00e7u M\u00e1quinas"},"image":{"@id":"https:\/\/yguacumaquinas.com.br\/#\/schema\/logo\/image\/"},"sameAs":["https:\/\/www.facebook.com\/Yguacu"]}]}},"_links":{"self":[{"href":"https:\/\/yguacumaquinas.com.br\/es\/wp-json\/wp\/v2\/product\/13649","targetHints":{"allow":["GET"]}}],"collection":[{"href":"https:\/\/yguacumaquinas.com.br\/es\/wp-json\/wp\/v2\/product"}],"about":[{"href":"https:\/\/yguacumaquinas.com.br\/es\/wp-json\/wp\/v2\/types\/product"}],"replies":[{"embeddable":true,"href":"https:\/\/yguacumaquinas.com.br\/es\/wp-json\/wp\/v2\/comments?post=13649"}],"wp:featuredmedia":[{"embeddable":true,"href":"https:\/\/yguacumaquinas.com.br\/es\/wp-json\/wp\/v2\/media\/13724"}],"wp:attachment":[{"href":"https:\/\/yguacumaquinas.com.br\/es\/wp-json\/wp\/v2\/media?parent=13649"}],"wp:term":[{"taxonomy":"product_brand","embeddable":true,"href":"https:\/\/yguacumaquinas.com.br\/es\/wp-json\/wp\/v2\/product_brand?post=13649"},{"taxonomy":"product_cat","embeddable":true,"href":"https:\/\/yguacumaquinas.com.br\/es\/wp-json\/wp\/v2\/product_cat?post=13649"},{"taxonomy":"product_tag","embeddable":true,"href":"https:\/\/yguacumaquinas.com.br\/es\/wp-json\/wp\/v2\/product_tag?post=13649"}],"curies":[{"name":"wp","href":"https:\/\/api.w.org\/{rel}","templated":true}]}}