{"id":12699,"date":"2025-07-09T17:54:15","date_gmt":"2025-07-09T20:54:15","guid":{"rendered":"https:\/\/yguacumaquinas.com.br\/?post_type=product&#038;p=12699"},"modified":"2025-09-25T14:27:49","modified_gmt":"2025-09-25T17:27:49","slug":"espuma-75x115","status":"publish","type":"product","link":"https:\/\/yguacumaquinas.com.br\/es\/product\/espuma-75x115\/","title":{"rendered":"Espuma 75X115 \u2013 2cm (Prensa compacta o tradicional)"},"content":{"rendered":"<p>Espuma utilizada en la Prensa Compacta o Tradicional, densidad 23,2cm de espesor y medidas 75x115cm<\/p>","protected":false},"excerpt":{"rendered":"<p>Espuma utilizada en la Prensa Compacta o Tradicional, densidad 23,2cm de espesor y medidas 75x115cm<\/p>","protected":false},"featured_media":13661,"comment_status":"open","ping_status":"closed","template":"","meta":[],"product_brand":[],"product_cat":[113],"product_tag":[],"class_list":{"0":"post-12699","1":"product","2":"type-product","3":"status-publish","4":"has-post-thumbnail","6":"product_cat-pecas-de-reposicao","8":"first","9":"instock","10":"shipping-taxable","11":"purchasable","12":"product-type-simple"},"yoast_head":"<!-- This site is optimized with the Yoast SEO plugin v26.5 - https:\/\/yoast.com\/wordpress\/plugins\/seo\/ -->\n<title>Espuma 75X115 - 2cm (Prensa Compacta ou Tradicional) - Ygua\u00e7u M\u00e1quinas<\/title>\n<meta name=\"robots\" content=\"index, follow, max-snippet:-1, max-image-preview:large, max-video-preview:-1\" \/>\n<link rel=\"canonical\" href=\"https:\/\/yguacumaquinas.com.br\/es\/product\/espuma-75x115\/\" \/>\n<meta property=\"og:locale\" content=\"es_ES\" \/>\n<meta property=\"og:type\" content=\"article\" \/>\n<meta property=\"og:title\" content=\"Espuma 75X115 - 2cm (Prensa Compacta ou Tradicional) - Ygua\u00e7u M\u00e1quinas\" \/>\n<meta property=\"og:description\" content=\"Espuma utilizada na Prensa Compacta ou Tradicional, de densidade 23, com 2cm de espessura e com tamanho de 75x115cm\" \/>\n<meta property=\"og:url\" content=\"https:\/\/yguacumaquinas.com.br\/es\/product\/espuma-75x115\/\" \/>\n<meta property=\"og:site_name\" content=\"Ygua\u00e7u M\u00e1quinas\" \/>\n<meta property=\"article:publisher\" content=\"https:\/\/www.facebook.com\/Yguacu\" \/>\n<meta property=\"article:modified_time\" content=\"2025-09-25T17:27:49+00:00\" \/>\n<meta property=\"og:image\" content=\"https:\/\/yguacumaquinas.com.br\/wp-content\/uploads\/2025\/07\/Espuma-75x115-2cm.jpg\" \/>\n\t<meta property=\"og:image:width\" content=\"1080\" \/>\n\t<meta property=\"og:image:height\" content=\"1080\" \/>\n\t<meta property=\"og:image:type\" content=\"image\/jpeg\" \/>\n<meta name=\"twitter:card\" content=\"summary_large_image\" \/>\n<meta name=\"twitter:label1\" content=\"Tiempo de lectura\" \/>\n\t<meta name=\"twitter:data1\" content=\"1 minuto\" \/>\n<script type=\"application\/ld+json\" class=\"yoast-schema-graph\">{\"@context\":\"https:\/\/schema.org\",\"@graph\":[{\"@type\":\"WebPage\",\"@id\":\"https:\/\/yguacumaquinas.com.br\/produto\/espuma-75x115\/\",\"url\":\"https:\/\/yguacumaquinas.com.br\/produto\/espuma-75x115\/\",\"name\":\"Espuma 75X115 - 2cm (Prensa Compacta ou Tradicional) - Ygua\u00e7u M\u00e1quinas\",\"isPartOf\":{\"@id\":\"https:\/\/yguacumaquinas.com.br\/#website\"},\"primaryImageOfPage\":{\"@id\":\"https:\/\/yguacumaquinas.com.br\/produto\/espuma-75x115\/#primaryimage\"},\"image\":{\"@id\":\"https:\/\/yguacumaquinas.com.br\/produto\/espuma-75x115\/#primaryimage\"},\"thumbnailUrl\":\"https:\/\/yguacumaquinas.com.br\/wp-content\/uploads\/2025\/07\/Espuma-75x115-2cm.jpg\",\"datePublished\":\"2025-07-09T20:54:15+00:00\",\"dateModified\":\"2025-09-25T17:27:49+00:00\",\"breadcrumb\":{\"@id\":\"https:\/\/yguacumaquinas.com.br\/produto\/espuma-75x115\/#breadcrumb\"},\"inLanguage\":\"es\",\"potentialAction\":[{\"@type\":\"ReadAction\",\"target\":[\"https:\/\/yguacumaquinas.com.br\/produto\/espuma-75x115\/\"]}]},{\"@type\":\"ImageObject\",\"inLanguage\":\"es\",\"@id\":\"https:\/\/yguacumaquinas.com.br\/produto\/espuma-75x115\/#primaryimage\",\"url\":\"https:\/\/yguacumaquinas.com.br\/wp-content\/uploads\/2025\/07\/Espuma-75x115-2cm.jpg\",\"contentUrl\":\"https:\/\/yguacumaquinas.com.br\/wp-content\/uploads\/2025\/07\/Espuma-75x115-2cm.jpg\",\"width\":1080,\"height\":1080},{\"@type\":\"BreadcrumbList\",\"@id\":\"https:\/\/yguacumaquinas.com.br\/produto\/espuma-75x115\/#breadcrumb\",\"itemListElement\":[{\"@type\":\"ListItem\",\"position\":1,\"name\":\"In\u00edcio\",\"item\":\"https:\/\/yguacumaquinas.com.br\/\"},{\"@type\":\"ListItem\",\"position\":2,\"name\":\"Produtos\",\"item\":\"https:\/\/yguacumaquinas.com.br\/loja\/\"},{\"@type\":\"ListItem\",\"position\":3,\"name\":\"Espuma 75X115 &#8211; 2cm (Prensa Compacta ou Tradicional)\"}]},{\"@type\":\"WebSite\",\"@id\":\"https:\/\/yguacumaquinas.com.br\/#website\",\"url\":\"https:\/\/yguacumaquinas.com.br\/\",\"name\":\"Ygua\u00e7u M\u00e1quinas\",\"description\":\"Ygua\u00e7u M\u00e1quinas - Inova\u00e7\u00e3o e Qualidade em Equipamentos para Serigrafia e Impress\u00e3o. Com mais de 30 anos de experi\u00eancia, oferecemos prensas pneum\u00e1ticas, t\u00e9rmicas, secadores de tinta e mesas de impress\u00e3o de alta performance, garantindo efici\u00eancia e durabilidade para suas produ\u00e7\u00f5es.\",\"publisher\":{\"@id\":\"https:\/\/yguacumaquinas.com.br\/#organization\"},\"potentialAction\":[{\"@type\":\"SearchAction\",\"target\":{\"@type\":\"EntryPoint\",\"urlTemplate\":\"https:\/\/yguacumaquinas.com.br\/?s={search_term_string}\"},\"query-input\":{\"@type\":\"PropertyValueSpecification\",\"valueRequired\":true,\"valueName\":\"search_term_string\"}}],\"inLanguage\":\"es\"},{\"@type\":\"Organization\",\"@id\":\"https:\/\/yguacumaquinas.com.br\/#organization\",\"name\":\"Ygua\u00e7u M\u00e1quinas\",\"alternateName\":\"https:\/\/yguacumaquinas.com.br\/todos-produtos\/\",\"url\":\"https:\/\/yguacumaquinas.com.br\/\",\"logo\":{\"@type\":\"ImageObject\",\"inLanguage\":\"es\",\"@id\":\"https:\/\/yguacumaquinas.com.br\/#\/schema\/logo\/image\/\",\"url\":\"https:\/\/yguacumaquinas.com.br\/wp-content\/uploads\/2024\/05\/Logo-Yguacu-site.webp\",\"contentUrl\":\"https:\/\/yguacumaquinas.com.br\/wp-content\/uploads\/2024\/05\/Logo-Yguacu-site.webp\",\"width\":208,\"height\":102,\"caption\":\"Ygua\u00e7u M\u00e1quinas\"},\"image\":{\"@id\":\"https:\/\/yguacumaquinas.com.br\/#\/schema\/logo\/image\/\"},\"sameAs\":[\"https:\/\/www.facebook.com\/Yguacu\"]}]}<\/script>\n<!-- \/ Yoast SEO plugin. -->","yoast_head_json":{"title":"Espuma 75X115 - 2cm (Prensa Compacta ou Tradicional) - Ygua\u00e7u M\u00e1quinas","robots":{"index":"index","follow":"follow","max-snippet":"max-snippet:-1","max-image-preview":"max-image-preview:large","max-video-preview":"max-video-preview:-1"},"canonical":"https:\/\/yguacumaquinas.com.br\/es\/product\/espuma-75x115\/","og_locale":"es_ES","og_type":"article","og_title":"Espuma 75X115 - 2cm (Prensa Compacta ou Tradicional) - Ygua\u00e7u M\u00e1quinas","og_description":"Espuma utilizada na Prensa Compacta ou Tradicional, de densidade 23, com 2cm de espessura e com tamanho de 75x115cm","og_url":"https:\/\/yguacumaquinas.com.br\/es\/product\/espuma-75x115\/","og_site_name":"Ygua\u00e7u M\u00e1quinas","article_publisher":"https:\/\/www.facebook.com\/Yguacu","article_modified_time":"2025-09-25T17:27:49+00:00","og_image":[{"width":1080,"height":1080,"url":"https:\/\/yguacumaquinas.com.br\/wp-content\/uploads\/2025\/07\/Espuma-75x115-2cm.jpg","type":"image\/jpeg"}],"twitter_card":"summary_large_image","twitter_misc":{"Tiempo de lectura":"1 minuto"},"schema":{"@context":"https:\/\/schema.org","@graph":[{"@type":"WebPage","@id":"https:\/\/yguacumaquinas.com.br\/produto\/espuma-75x115\/","url":"https:\/\/yguacumaquinas.com.br\/produto\/espuma-75x115\/","name":"Espuma 75X115 - 2cm (Prensa Compacta ou Tradicional) - Ygua\u00e7u M\u00e1quinas","isPartOf":{"@id":"https:\/\/yguacumaquinas.com.br\/#website"},"primaryImageOfPage":{"@id":"https:\/\/yguacumaquinas.com.br\/produto\/espuma-75x115\/#primaryimage"},"image":{"@id":"https:\/\/yguacumaquinas.com.br\/produto\/espuma-75x115\/#primaryimage"},"thumbnailUrl":"https:\/\/yguacumaquinas.com.br\/wp-content\/uploads\/2025\/07\/Espuma-75x115-2cm.jpg","datePublished":"2025-07-09T20:54:15+00:00","dateModified":"2025-09-25T17:27:49+00:00","breadcrumb":{"@id":"https:\/\/yguacumaquinas.com.br\/produto\/espuma-75x115\/#breadcrumb"},"inLanguage":"es","potentialAction":[{"@type":"ReadAction","target":["https:\/\/yguacumaquinas.com.br\/produto\/espuma-75x115\/"]}]},{"@type":"ImageObject","inLanguage":"es","@id":"https:\/\/yguacumaquinas.com.br\/produto\/espuma-75x115\/#primaryimage","url":"https:\/\/yguacumaquinas.com.br\/wp-content\/uploads\/2025\/07\/Espuma-75x115-2cm.jpg","contentUrl":"https:\/\/yguacumaquinas.com.br\/wp-content\/uploads\/2025\/07\/Espuma-75x115-2cm.jpg","width":1080,"height":1080},{"@type":"BreadcrumbList","@id":"https:\/\/yguacumaquinas.com.br\/produto\/espuma-75x115\/#breadcrumb","itemListElement":[{"@type":"ListItem","position":1,"name":"In\u00edcio","item":"https:\/\/yguacumaquinas.com.br\/"},{"@type":"ListItem","position":2,"name":"Produtos","item":"https:\/\/yguacumaquinas.com.br\/loja\/"},{"@type":"ListItem","position":3,"name":"Espuma 75X115 &#8211; 2cm (Prensa Compacta ou Tradicional)"}]},{"@type":"WebSite","@id":"https:\/\/yguacumaquinas.com.br\/#website","url":"https:\/\/yguacumaquinas.com.br\/","name":"Ygua\u00e7u M\u00e1quinas","description":"Ygua\u00e7u M\u00e1quinas - Inova\u00e7\u00e3o e Qualidade em Equipamentos para Serigrafia e Impress\u00e3o. Com mais de 30 anos de experi\u00eancia, oferecemos prensas pneum\u00e1ticas, t\u00e9rmicas, secadores de tinta e mesas de impress\u00e3o de alta performance, garantindo efici\u00eancia e durabilidade para suas produ\u00e7\u00f5es.","publisher":{"@id":"https:\/\/yguacumaquinas.com.br\/#organization"},"potentialAction":[{"@type":"SearchAction","target":{"@type":"EntryPoint","urlTemplate":"https:\/\/yguacumaquinas.com.br\/?s={search_term_string}"},"query-input":{"@type":"PropertyValueSpecification","valueRequired":true,"valueName":"search_term_string"}}],"inLanguage":"es"},{"@type":"Organization","@id":"https:\/\/yguacumaquinas.com.br\/#organization","name":"Ygua\u00e7u M\u00e1quinas","alternateName":"https:\/\/yguacumaquinas.com.br\/todos-produtos\/","url":"https:\/\/yguacumaquinas.com.br\/","logo":{"@type":"ImageObject","inLanguage":"es","@id":"https:\/\/yguacumaquinas.com.br\/#\/schema\/logo\/image\/","url":"https:\/\/yguacumaquinas.com.br\/wp-content\/uploads\/2024\/05\/Logo-Yguacu-site.webp","contentUrl":"https:\/\/yguacumaquinas.com.br\/wp-content\/uploads\/2024\/05\/Logo-Yguacu-site.webp","width":208,"height":102,"caption":"Ygua\u00e7u M\u00e1quinas"},"image":{"@id":"https:\/\/yguacumaquinas.com.br\/#\/schema\/logo\/image\/"},"sameAs":["https:\/\/www.facebook.com\/Yguacu"]}]}},"_links":{"self":[{"href":"https:\/\/yguacumaquinas.com.br\/es\/wp-json\/wp\/v2\/product\/12699","targetHints":{"allow":["GET"]}}],"collection":[{"href":"https:\/\/yguacumaquinas.com.br\/es\/wp-json\/wp\/v2\/product"}],"about":[{"href":"https:\/\/yguacumaquinas.com.br\/es\/wp-json\/wp\/v2\/types\/product"}],"replies":[{"embeddable":true,"href":"https:\/\/yguacumaquinas.com.br\/es\/wp-json\/wp\/v2\/comments?post=12699"}],"wp:featuredmedia":[{"embeddable":true,"href":"https:\/\/yguacumaquinas.com.br\/es\/wp-json\/wp\/v2\/media\/13661"}],"wp:attachment":[{"href":"https:\/\/yguacumaquinas.com.br\/es\/wp-json\/wp\/v2\/media?parent=12699"}],"wp:term":[{"taxonomy":"product_brand","embeddable":true,"href":"https:\/\/yguacumaquinas.com.br\/es\/wp-json\/wp\/v2\/product_brand?post=12699"},{"taxonomy":"product_cat","embeddable":true,"href":"https:\/\/yguacumaquinas.com.br\/es\/wp-json\/wp\/v2\/product_cat?post=12699"},{"taxonomy":"product_tag","embeddable":true,"href":"https:\/\/yguacumaquinas.com.br\/es\/wp-json\/wp\/v2\/product_tag?post=12699"}],"curies":[{"name":"wp","href":"https:\/\/api.w.org\/{rel}","templated":true}]}}