{"id":4164,"date":"2024-07-06T18:37:26","date_gmt":"2024-07-06T21:37:26","guid":{"rendered":"https:\/\/yguacumaquinas.com.br\/?page_id=4164"},"modified":"2024-08-05T15:33:33","modified_gmt":"2024-08-05T18:33:33","slug":"termos-de-uso","status":"publish","type":"page","link":"https:\/\/yguacumaquinas.com.br\/es\/termos-de-uso\/","title":{"rendered":"Termos de uso"},"content":{"rendered":"<div data-elementor-type=\"wp-page\" data-elementor-id=\"4164\" class=\"elementor elementor-4164\" data-elementor-settings=\"{&quot;ha_cmc_init_switcher&quot;:&quot;no&quot;}\" data-elementor-post-type=\"page\">\n\t\t\t\t<div class=\"elementor-element elementor-element-f29e281 e-flex e-con-boxed e-con e-parent\" data-id=\"f29e281\" data-element_type=\"container\" data-settings=\"{&quot;_ha_eqh_enable&quot;:false}\">\n\t\t\t\t\t<div class=\"e-con-inner\">\n\t\t\t\t<div class=\"elementor-element elementor-element-1e7aeb6 jltma-glass-effect-no elementor-widget elementor-widget-heading\" data-id=\"1e7aeb6\" data-element_type=\"widget\" data-widget_type=\"heading.default\">\n\t\t\t\t\t<h1 class=\"elementor-heading-title elementor-size-default\">Termos de uso - Ygua\u00e7u M\u00e1quinas<\/h1>\t\t\t\t<\/div>\n\t\t\t\t<div class=\"elementor-element elementor-element-17ea3b1 jltma-glass-effect-no elementor-widget elementor-widget-text-editor\" data-id=\"17ea3b1\" data-element_type=\"widget\" data-widget_type=\"text-editor.default\">\n\t\t\t\t\t\t\t\t\t<h2><strong style=\"color: var( --e-global-color-primary ); text-align: var(--text-align); font-size: 1rem;\">Bem-vindo ao site da Ygua\u00e7u M\u00e1quinas!<\/strong><\/h2><p>Estes termos e condi\u00e7\u00f5es descrevem as regras e regulamentos para o uso do site da Ygua\u00e7u M\u00e1quinas, localizado em <a href=\"https:\/\/yguacumaquinas.com.br\/es\/\" target=\"_blank\" rel=\"noopener noreferrer\">https:\/\/yguacumaquinas.com.br<\/a>.<\/p><p>Ao acessar este site, assumimos que voc\u00ea aceita estes termos e condi\u00e7\u00f5es. N\u00e3o continue a usar o site da Ygua\u00e7u M\u00e1quinas se voc\u00ea n\u00e3o concordar com todos os termos e condi\u00e7\u00f5es estabelecidos nesta p\u00e1gina.<\/p><p><strong>Cookies:<\/strong><\/p><p>O site usa cookies para ajudar a personalizar sua experi\u00eancia online. Ao acessar o site da Ygua\u00e7u M\u00e1quinas, voc\u00ea concorda com o uso dos cookies necess\u00e1rios.<\/p><p><strong>Licen\u00e7a:<\/strong><\/p><p>A menos que indicado de outra forma, a Ygua\u00e7u M\u00e1quinas e\/ou seus licenciados det\u00eam os direitos de propriedade intelectual de todo o material no site. Todos os direitos de propriedade intelectual s\u00e3o reservados. Voc\u00ea pode acessar isso a partir do site da Ygua\u00e7u M\u00e1quinas para seu uso pessoal, sujeito \u00e0s restri\u00e7\u00f5es estabelecidas nestes termos e condi\u00e7\u00f5es.<\/p><p>Voc\u00ea n\u00e3o deve:<\/p><ul><li>Republicar material do site da Ygua\u00e7u M\u00e1quinas<\/li><li>Vender, alugar ou sublicenciar material do site da Ygua\u00e7u M\u00e1quinas<\/li><li>Reproduzir, duplicar ou copiar material do site da Ygua\u00e7u M\u00e1quinas<\/li><li>Redistribuir conte\u00fado do site da Ygua\u00e7u M\u00e1quinas<\/li><\/ul><p><strong>Hiperlinks para o nosso conte\u00fado:<\/strong><\/p><p>Organiza\u00e7\u00f5es podem criar links para nosso site sem aprova\u00e7\u00e3o pr\u00e9via por escrito, desde que o link:<\/p><ul><li>N\u00e3o seja de forma alguma enganoso.<\/li><li>N\u00e3o implique falsamente patroc\u00ednio, endosso ou aprova\u00e7\u00e3o da parte que vincula e de seus produtos e\/ou servi\u00e7os.<\/li><li>Enquadre-se no contexto do site da parte que vincula.<\/li><\/ul><p><strong>Uso de Informa\u00e7\u00f5es:<\/strong><\/p><p>O site da Ygua\u00e7u M\u00e1quinas visa apresentar o portf\u00f3lio de produtos para o mercado t\u00eaxtil, permitindo que os clientes interessados entrem em contato com especialistas atrav\u00e9s dos canais informados no site. A venda \u00e9 consultiva, sendo necess\u00e1rio entender a atua\u00e7\u00e3o do cliente no mercado para ajustar o equipamento que melhor o atender\u00e1. N\u00e3o efetuamos vendas diretas pelo site.<\/p><p><strong>Limita\u00e7\u00e3o de Responsabilidade:<\/strong><\/p><p>Em nenhum caso a Ygua\u00e7u M\u00e1quinas, nem seus diretores, funcion\u00e1rios, parceiros, agentes, fornecedores ou afiliados, ser\u00e3o respons\u00e1veis por quaisquer danos indiretos, incidentais, especiais, consequenciais ou punitivos, incluindo, sem limita\u00e7\u00e3o, perda de lucros, dados, uso, boa vontade, ou outras perdas intang\u00edveis, resultantes de:<\/p><ul><li>Seu acesso ou uso ou incapacidade de acessar ou usar o Servi\u00e7o;<\/li><li>Qualquer conduta ou conte\u00fado de terceiros no Servi\u00e7o;<\/li><li>Qualquer conte\u00fado obtido do Servi\u00e7o;<\/li><li>Acesso, uso ou altera\u00e7\u00e3o n\u00e3o autorizados de suas transmiss\u00f5es ou conte\u00fado, seja com base em garantia, contrato, ato il\u00edcito (incluindo neglig\u00eancia) ou qualquer outra teoria legal, seja ou n\u00e3o informados da possibilidade de tais danos.<\/li><\/ul><p><strong>Mudan\u00e7as nestes Termos:<\/strong><\/p><p>Reservamo-nos o direito, a nosso exclusivo crit\u00e9rio, de modificar ou substituir estes Termos a qualquer momento. Se uma revis\u00e3o for material, tentaremos fornecer um aviso com pelo menos 30 dias de anteced\u00eancia antes de quaisquer novos termos entrarem em vigor. O que constitui uma mudan\u00e7a material ser\u00e1 determinado a nosso exclusivo crit\u00e9rio.<\/p><p><strong>Contato:<\/strong><\/p><p>Se voc\u00ea tiver alguma d\u00favida sobre estes Termos, entre em contato conosco em:<\/p><ul><li>Email: contato@ygua\u00e7umaquinas.com.br<\/li><li>Telefone: (43) 3338-8879<\/li><\/ul>\t\t\t\t\t\t\t\t<\/div>\n\t\t\t\t\t<\/div>\n\t\t\t\t<\/div>\n\t\t\t\t<\/div>","protected":false},"excerpt":{"rendered":"<p>Termos de uso &#8211; Ygua\u00e7u M\u00e1quinas Bem-vindo ao site da Ygua\u00e7u M\u00e1quinas! Estes termos e condi\u00e7\u00f5es descrevem as regras e regulamentos para o uso do site da Ygua\u00e7u M\u00e1quinas, localizado em https:\/\/yguacumaquinas.com.br. Ao acessar este site, assumimos que voc\u00ea aceita estes termos e condi\u00e7\u00f5es. N\u00e3o continue a usar o site da Ygua\u00e7u M\u00e1quinas se voc\u00ea [&hellip;]<\/p>","protected":false},"author":1,"featured_media":2509,"parent":0,"menu_order":0,"comment_status":"closed","ping_status":"closed","template":"elementor_header_footer","meta":{"footnotes":""},"class_list":["post-4164","page","type-page","status-publish","has-post-thumbnail","hentry"],"yoast_head":"<!-- This site is optimized with the Yoast SEO plugin v26.5 - https:\/\/yoast.com\/wordpress\/plugins\/seo\/ -->\n<title>Termos de uso - Ygua\u00e7u M\u00e1quinas<\/title>\n<meta name=\"description\" content=\"Saiba mais sobre cookies, direitos de propriedade intelectual e uso de informa\u00e7\u00f5es. Acesse e leia os detalhes.\" \/>\n<meta name=\"robots\" content=\"index, follow, max-snippet:-1, max-image-preview:large, max-video-preview:-1\" \/>\n<link rel=\"canonical\" href=\"https:\/\/yguacumaquinas.com.br\/es\/termos-de-uso\/\" \/>\n<meta property=\"og:locale\" content=\"es_ES\" \/>\n<meta property=\"og:type\" content=\"article\" \/>\n<meta property=\"og:title\" content=\"Termos de uso - Ygua\u00e7u M\u00e1quinas\" \/>\n<meta property=\"og:description\" content=\"Saiba mais sobre cookies, direitos de propriedade intelectual e uso de informa\u00e7\u00f5es. Acesse e leia os detalhes.\" \/>\n<meta property=\"og:url\" content=\"https:\/\/yguacumaquinas.com.br\/es\/termos-de-uso\/\" \/>\n<meta property=\"og:site_name\" content=\"Ygua\u00e7u M\u00e1quinas\" \/>\n<meta property=\"article:publisher\" content=\"https:\/\/www.facebook.com\/Yguacu\" \/>\n<meta property=\"article:modified_time\" content=\"2024-08-05T18:33:33+00:00\" \/>\n<meta property=\"og:image\" content=\"https:\/\/yguacumaquinas.com.br\/wp-content\/uploads\/2024\/06\/logoyguacu.png\" \/>\n\t<meta property=\"og:image:width\" content=\"512\" \/>\n\t<meta property=\"og:image:height\" content=\"512\" \/>\n\t<meta property=\"og:image:type\" content=\"image\/png\" \/>\n<meta name=\"twitter:card\" content=\"summary_large_image\" \/>\n<meta name=\"twitter:label1\" content=\"Tiempo de lectura\" \/>\n\t<meta name=\"twitter:data1\" content=\"3 minutos\" \/>\n<script type=\"application\/ld+json\" class=\"yoast-schema-graph\">{\"@context\":\"https:\/\/schema.org\",\"@graph\":[{\"@type\":\"WebPage\",\"@id\":\"https:\/\/yguacumaquinas.com.br\/termos-de-uso\/\",\"url\":\"https:\/\/yguacumaquinas.com.br\/termos-de-uso\/\",\"name\":\"Termos de uso - Ygua\u00e7u M\u00e1quinas\",\"isPartOf\":{\"@id\":\"https:\/\/yguacumaquinas.com.br\/#website\"},\"primaryImageOfPage\":{\"@id\":\"https:\/\/yguacumaquinas.com.br\/termos-de-uso\/#primaryimage\"},\"image\":{\"@id\":\"https:\/\/yguacumaquinas.com.br\/termos-de-uso\/#primaryimage\"},\"thumbnailUrl\":\"https:\/\/yguacumaquinas.com.br\/wp-content\/uploads\/2024\/06\/logoyguacu-e1722953120748.png\",\"datePublished\":\"2024-07-06T21:37:26+00:00\",\"dateModified\":\"2024-08-05T18:33:33+00:00\",\"description\":\"Saiba mais sobre cookies, direitos de propriedade intelectual e uso de informa\u00e7\u00f5es. Acesse e leia os detalhes.\",\"breadcrumb\":{\"@id\":\"https:\/\/yguacumaquinas.com.br\/termos-de-uso\/#breadcrumb\"},\"inLanguage\":\"es\",\"potentialAction\":[{\"@type\":\"ReadAction\",\"target\":[\"https:\/\/yguacumaquinas.com.br\/termos-de-uso\/\"]}]},{\"@type\":\"ImageObject\",\"inLanguage\":\"es\",\"@id\":\"https:\/\/yguacumaquinas.com.br\/termos-de-uso\/#primaryimage\",\"url\":\"https:\/\/yguacumaquinas.com.br\/wp-content\/uploads\/2024\/06\/logoyguacu-e1722953120748.png\",\"contentUrl\":\"https:\/\/yguacumaquinas.com.br\/wp-content\/uploads\/2024\/06\/logoyguacu-e1722953120748.png\",\"width\":512,\"height\":189},{\"@type\":\"BreadcrumbList\",\"@id\":\"https:\/\/yguacumaquinas.com.br\/termos-de-uso\/#breadcrumb\",\"itemListElement\":[{\"@type\":\"ListItem\",\"position\":1,\"name\":\"In\u00edcio\",\"item\":\"https:\/\/yguacumaquinas.com.br\/\"},{\"@type\":\"ListItem\",\"position\":2,\"name\":\"Termos de uso\"}]},{\"@type\":\"WebSite\",\"@id\":\"https:\/\/yguacumaquinas.com.br\/#website\",\"url\":\"https:\/\/yguacumaquinas.com.br\/\",\"name\":\"Ygua\u00e7u M\u00e1quinas\",\"description\":\"Ygua\u00e7u M\u00e1quinas - Inova\u00e7\u00e3o e Qualidade em Equipamentos para Serigrafia e Impress\u00e3o. Com mais de 30 anos de experi\u00eancia, oferecemos prensas pneum\u00e1ticas, t\u00e9rmicas, secadores de tinta e mesas de impress\u00e3o de alta performance, garantindo efici\u00eancia e durabilidade para suas produ\u00e7\u00f5es.\",\"publisher\":{\"@id\":\"https:\/\/yguacumaquinas.com.br\/#organization\"},\"potentialAction\":[{\"@type\":\"SearchAction\",\"target\":{\"@type\":\"EntryPoint\",\"urlTemplate\":\"https:\/\/yguacumaquinas.com.br\/?s={search_term_string}\"},\"query-input\":{\"@type\":\"PropertyValueSpecification\",\"valueRequired\":true,\"valueName\":\"search_term_string\"}}],\"inLanguage\":\"es\"},{\"@type\":\"Organization\",\"@id\":\"https:\/\/yguacumaquinas.com.br\/#organization\",\"name\":\"Ygua\u00e7u M\u00e1quinas\",\"alternateName\":\"https:\/\/yguacumaquinas.com.br\/todos-produtos\/\",\"url\":\"https:\/\/yguacumaquinas.com.br\/\",\"logo\":{\"@type\":\"ImageObject\",\"inLanguage\":\"es\",\"@id\":\"https:\/\/yguacumaquinas.com.br\/#\/schema\/logo\/image\/\",\"url\":\"https:\/\/yguacumaquinas.com.br\/wp-content\/uploads\/2024\/05\/Logo-Yguacu-site.webp\",\"contentUrl\":\"https:\/\/yguacumaquinas.com.br\/wp-content\/uploads\/2024\/05\/Logo-Yguacu-site.webp\",\"width\":208,\"height\":102,\"caption\":\"Ygua\u00e7u M\u00e1quinas\"},\"image\":{\"@id\":\"https:\/\/yguacumaquinas.com.br\/#\/schema\/logo\/image\/\"},\"sameAs\":[\"https:\/\/www.facebook.com\/Yguacu\"]}]}<\/script>\n<!-- \/ Yoast SEO plugin. -->","yoast_head_json":{"title":"Termos de uso - Ygua\u00e7u M\u00e1quinas","description":"Saiba mais sobre cookies, direitos de propriedade intelectual e uso de informa\u00e7\u00f5es. Acesse e leia os detalhes.","robots":{"index":"index","follow":"follow","max-snippet":"max-snippet:-1","max-image-preview":"max-image-preview:large","max-video-preview":"max-video-preview:-1"},"canonical":"https:\/\/yguacumaquinas.com.br\/es\/termos-de-uso\/","og_locale":"es_ES","og_type":"article","og_title":"Termos de uso - Ygua\u00e7u M\u00e1quinas","og_description":"Saiba mais sobre cookies, direitos de propriedade intelectual e uso de informa\u00e7\u00f5es. Acesse e leia os detalhes.","og_url":"https:\/\/yguacumaquinas.com.br\/es\/termos-de-uso\/","og_site_name":"Ygua\u00e7u M\u00e1quinas","article_publisher":"https:\/\/www.facebook.com\/Yguacu","article_modified_time":"2024-08-05T18:33:33+00:00","og_image":[{"width":512,"height":512,"url":"https:\/\/yguacumaquinas.com.br\/wp-content\/uploads\/2024\/06\/logoyguacu.png","type":"image\/png"}],"twitter_card":"summary_large_image","twitter_misc":{"Tiempo de lectura":"3 minutos"},"schema":{"@context":"https:\/\/schema.org","@graph":[{"@type":"WebPage","@id":"https:\/\/yguacumaquinas.com.br\/termos-de-uso\/","url":"https:\/\/yguacumaquinas.com.br\/termos-de-uso\/","name":"Termos de uso - Ygua\u00e7u M\u00e1quinas","isPartOf":{"@id":"https:\/\/yguacumaquinas.com.br\/#website"},"primaryImageOfPage":{"@id":"https:\/\/yguacumaquinas.com.br\/termos-de-uso\/#primaryimage"},"image":{"@id":"https:\/\/yguacumaquinas.com.br\/termos-de-uso\/#primaryimage"},"thumbnailUrl":"https:\/\/yguacumaquinas.com.br\/wp-content\/uploads\/2024\/06\/logoyguacu-e1722953120748.png","datePublished":"2024-07-06T21:37:26+00:00","dateModified":"2024-08-05T18:33:33+00:00","description":"Saiba mais sobre cookies, direitos de propriedade intelectual e uso de informa\u00e7\u00f5es. Acesse e leia os detalhes.","breadcrumb":{"@id":"https:\/\/yguacumaquinas.com.br\/termos-de-uso\/#breadcrumb"},"inLanguage":"es","potentialAction":[{"@type":"ReadAction","target":["https:\/\/yguacumaquinas.com.br\/termos-de-uso\/"]}]},{"@type":"ImageObject","inLanguage":"es","@id":"https:\/\/yguacumaquinas.com.br\/termos-de-uso\/#primaryimage","url":"https:\/\/yguacumaquinas.com.br\/wp-content\/uploads\/2024\/06\/logoyguacu-e1722953120748.png","contentUrl":"https:\/\/yguacumaquinas.com.br\/wp-content\/uploads\/2024\/06\/logoyguacu-e1722953120748.png","width":512,"height":189},{"@type":"BreadcrumbList","@id":"https:\/\/yguacumaquinas.com.br\/termos-de-uso\/#breadcrumb","itemListElement":[{"@type":"ListItem","position":1,"name":"In\u00edcio","item":"https:\/\/yguacumaquinas.com.br\/"},{"@type":"ListItem","position":2,"name":"Termos de uso"}]},{"@type":"WebSite","@id":"https:\/\/yguacumaquinas.com.br\/#website","url":"https:\/\/yguacumaquinas.com.br\/","name":"Ygua\u00e7u M\u00e1quinas","description":"Ygua\u00e7u M\u00e1quinas - Inova\u00e7\u00e3o e Qualidade em Equipamentos para Serigrafia e Impress\u00e3o. Com mais de 30 anos de experi\u00eancia, oferecemos prensas pneum\u00e1ticas, t\u00e9rmicas, secadores de tinta e mesas de impress\u00e3o de alta performance, garantindo efici\u00eancia e durabilidade para suas produ\u00e7\u00f5es.","publisher":{"@id":"https:\/\/yguacumaquinas.com.br\/#organization"},"potentialAction":[{"@type":"SearchAction","target":{"@type":"EntryPoint","urlTemplate":"https:\/\/yguacumaquinas.com.br\/?s={search_term_string}"},"query-input":{"@type":"PropertyValueSpecification","valueRequired":true,"valueName":"search_term_string"}}],"inLanguage":"es"},{"@type":"Organization","@id":"https:\/\/yguacumaquinas.com.br\/#organization","name":"Ygua\u00e7u M\u00e1quinas","alternateName":"https:\/\/yguacumaquinas.com.br\/todos-produtos\/","url":"https:\/\/yguacumaquinas.com.br\/","logo":{"@type":"ImageObject","inLanguage":"es","@id":"https:\/\/yguacumaquinas.com.br\/#\/schema\/logo\/image\/","url":"https:\/\/yguacumaquinas.com.br\/wp-content\/uploads\/2024\/05\/Logo-Yguacu-site.webp","contentUrl":"https:\/\/yguacumaquinas.com.br\/wp-content\/uploads\/2024\/05\/Logo-Yguacu-site.webp","width":208,"height":102,"caption":"Ygua\u00e7u M\u00e1quinas"},"image":{"@id":"https:\/\/yguacumaquinas.com.br\/#\/schema\/logo\/image\/"},"sameAs":["https:\/\/www.facebook.com\/Yguacu"]}]}},"_links":{"self":[{"href":"https:\/\/yguacumaquinas.com.br\/es\/wp-json\/wp\/v2\/pages\/4164","targetHints":{"allow":["GET"]}}],"collection":[{"href":"https:\/\/yguacumaquinas.com.br\/es\/wp-json\/wp\/v2\/pages"}],"about":[{"href":"https:\/\/yguacumaquinas.com.br\/es\/wp-json\/wp\/v2\/types\/page"}],"author":[{"embeddable":true,"href":"https:\/\/yguacumaquinas.com.br\/es\/wp-json\/wp\/v2\/users\/1"}],"replies":[{"embeddable":true,"href":"https:\/\/yguacumaquinas.com.br\/es\/wp-json\/wp\/v2\/comments?post=4164"}],"version-history":[{"count":0,"href":"https:\/\/yguacumaquinas.com.br\/es\/wp-json\/wp\/v2\/pages\/4164\/revisions"}],"wp:featuredmedia":[{"embeddable":true,"href":"https:\/\/yguacumaquinas.com.br\/es\/wp-json\/wp\/v2\/media\/2509"}],"wp:attachment":[{"href":"https:\/\/yguacumaquinas.com.br\/es\/wp-json\/wp\/v2\/media?parent=4164"}],"curies":[{"name":"wp","href":"https:\/\/api.w.org\/{rel}","templated":true}]}}