{"id":13100,"date":"2025-07-22T10:35:12","date_gmt":"2025-07-22T13:35:12","guid":{"rendered":"https:\/\/yguacumaquinas.com.br\/?post_type=product&#038;p=13100"},"modified":"2025-09-25T12:21:03","modified_gmt":"2025-09-25T15:21:03","slug":"termopar-tipo-j-cabo-de-5m","status":"publish","type":"product","link":"https:\/\/yguacumaquinas.com.br\/en\/product\/termopar-tipo-j-cabo-de-5m\/","title":{"rendered":"Type J Thermocouple (5m Cable)"},"content":{"rendered":"<p>Type J Thermocouple, 5m (Iron\/Constantan), measuring from \u221240\u00b0C to ~750\u00b0C (continuous use up to 760\u00b0C), Class 2: \u00b12.2\u00b0C or \u00b10.75% \u2014 rugged, cost-effective sensor for moisture-free industrial applications.<\/p>","protected":false},"excerpt":{"rendered":"<p>J-type temperature sensor, with 5-meter shielded cable, used to measure the temperature of the thermal cradles of Ygua\u00e7u M\u00e1quinas presses<\/p>","protected":false},"featured_media":13134,"comment_status":"open","ping_status":"closed","template":"","meta":[],"product_brand":[],"product_cat":[113],"product_tag":[],"class_list":{"0":"post-13100","1":"product","2":"type-product","3":"status-publish","4":"has-post-thumbnail","6":"product_cat-pecas-de-reposicao","8":"first","9":"instock","10":"shipping-taxable","11":"purchasable","12":"product-type-simple"},"yoast_head":"<!-- This site is optimized with the Yoast SEO plugin v26.5 - https:\/\/yoast.com\/wordpress\/plugins\/seo\/ -->\n<title>Termopar Tipo J (Cabo de 5m) - Ygua\u00e7u M\u00e1quinas<\/title>\n<meta name=\"robots\" content=\"index, follow, max-snippet:-1, max-image-preview:large, max-video-preview:-1\" \/>\n<link rel=\"canonical\" href=\"https:\/\/yguacumaquinas.com.br\/en\/product\/termopar-tipo-j-cabo-de-5m\/\" \/>\n<meta property=\"og:locale\" content=\"en_US\" \/>\n<meta property=\"og:type\" content=\"article\" \/>\n<meta property=\"og:title\" content=\"Termopar Tipo J (Cabo de 5m) - Ygua\u00e7u M\u00e1quinas\" \/>\n<meta property=\"og:description\" content=\"Sensor de temperatura do tipo J, com cabo blindado de 5 metros, usado para medir temperatura dos ber\u00e7os t\u00e9rmicos de prensas Ygua\u00e7u M\u00e1quinas\" \/>\n<meta property=\"og:url\" content=\"https:\/\/yguacumaquinas.com.br\/en\/product\/termopar-tipo-j-cabo-de-5m\/\" \/>\n<meta property=\"og:site_name\" content=\"Ygua\u00e7u M\u00e1quinas\" \/>\n<meta property=\"article:publisher\" content=\"https:\/\/www.facebook.com\/Yguacu\" \/>\n<meta property=\"article:modified_time\" content=\"2025-09-25T15:21:03+00:00\" \/>\n<meta property=\"og:image\" content=\"https:\/\/yguacumaquinas.com.br\/wp-content\/uploads\/2025\/07\/Cabo-Termopar-Tipo-J-Todos-os-tamanhos.webp\" \/>\n\t<meta property=\"og:image:width\" content=\"1080\" \/>\n\t<meta property=\"og:image:height\" content=\"1080\" \/>\n\t<meta property=\"og:image:type\" content=\"image\/webp\" \/>\n<meta name=\"twitter:card\" content=\"summary_large_image\" \/>\n<meta name=\"twitter:label1\" content=\"Est. reading time\" \/>\n\t<meta name=\"twitter:data1\" content=\"1 minute\" \/>\n<script type=\"application\/ld+json\" class=\"yoast-schema-graph\">{\"@context\":\"https:\/\/schema.org\",\"@graph\":[{\"@type\":\"WebPage\",\"@id\":\"https:\/\/yguacumaquinas.com.br\/en\/product\/termopar-tipo-j-cabo-de-5m\/\",\"url\":\"https:\/\/yguacumaquinas.com.br\/en\/product\/termopar-tipo-j-cabo-de-5m\/\",\"name\":\"Termopar Tipo J (Cabo de 5m) - Ygua\u00e7u M\u00e1quinas\",\"isPartOf\":{\"@id\":\"https:\/\/yguacumaquinas.com.br\/#website\"},\"primaryImageOfPage\":{\"@id\":\"https:\/\/yguacumaquinas.com.br\/en\/product\/termopar-tipo-j-cabo-de-5m\/#primaryimage\"},\"image\":{\"@id\":\"https:\/\/yguacumaquinas.com.br\/en\/product\/termopar-tipo-j-cabo-de-5m\/#primaryimage\"},\"thumbnailUrl\":\"https:\/\/yguacumaquinas.com.br\/wp-content\/uploads\/2025\/07\/Cabo-Termopar-Tipo-J-Todos-os-tamanhos.webp\",\"datePublished\":\"2025-07-22T13:35:12+00:00\",\"dateModified\":\"2025-09-25T15:21:03+00:00\",\"breadcrumb\":{\"@id\":\"https:\/\/yguacumaquinas.com.br\/en\/product\/termopar-tipo-j-cabo-de-5m\/#breadcrumb\"},\"inLanguage\":\"en-US\",\"potentialAction\":[{\"@type\":\"ReadAction\",\"target\":[\"https:\/\/yguacumaquinas.com.br\/en\/product\/termopar-tipo-j-cabo-de-5m\/\"]}]},{\"@type\":\"ImageObject\",\"inLanguage\":\"en-US\",\"@id\":\"https:\/\/yguacumaquinas.com.br\/en\/product\/termopar-tipo-j-cabo-de-5m\/#primaryimage\",\"url\":\"https:\/\/yguacumaquinas.com.br\/wp-content\/uploads\/2025\/07\/Cabo-Termopar-Tipo-J-Todos-os-tamanhos.webp\",\"contentUrl\":\"https:\/\/yguacumaquinas.com.br\/wp-content\/uploads\/2025\/07\/Cabo-Termopar-Tipo-J-Todos-os-tamanhos.webp\",\"width\":1080,\"height\":1080},{\"@type\":\"BreadcrumbList\",\"@id\":\"https:\/\/yguacumaquinas.com.br\/en\/product\/termopar-tipo-j-cabo-de-5m\/#breadcrumb\",\"itemListElement\":[{\"@type\":\"ListItem\",\"position\":1,\"name\":\"In\u00edcio\",\"item\":\"https:\/\/yguacumaquinas.com.br\/\"},{\"@type\":\"ListItem\",\"position\":2,\"name\":\"Produtos\",\"item\":\"https:\/\/yguacumaquinas.com.br\/loja\/\"},{\"@type\":\"ListItem\",\"position\":3,\"name\":\"Termopar Tipo J (Cabo de 5m)\"}]},{\"@type\":\"WebSite\",\"@id\":\"https:\/\/yguacumaquinas.com.br\/#website\",\"url\":\"https:\/\/yguacumaquinas.com.br\/\",\"name\":\"Ygua\u00e7u M\u00e1quinas\",\"description\":\"Ygua\u00e7u M\u00e1quinas - Inova\u00e7\u00e3o e Qualidade em Equipamentos para Serigrafia e Impress\u00e3o. Com mais de 30 anos de experi\u00eancia, oferecemos prensas pneum\u00e1ticas, t\u00e9rmicas, secadores de tinta e mesas de impress\u00e3o de alta performance, garantindo efici\u00eancia e durabilidade para suas produ\u00e7\u00f5es.\",\"publisher\":{\"@id\":\"https:\/\/yguacumaquinas.com.br\/#organization\"},\"potentialAction\":[{\"@type\":\"SearchAction\",\"target\":{\"@type\":\"EntryPoint\",\"urlTemplate\":\"https:\/\/yguacumaquinas.com.br\/?s={search_term_string}\"},\"query-input\":{\"@type\":\"PropertyValueSpecification\",\"valueRequired\":true,\"valueName\":\"search_term_string\"}}],\"inLanguage\":\"en-US\"},{\"@type\":\"Organization\",\"@id\":\"https:\/\/yguacumaquinas.com.br\/#organization\",\"name\":\"Ygua\u00e7u M\u00e1quinas\",\"alternateName\":\"https:\/\/yguacumaquinas.com.br\/todos-produtos\/\",\"url\":\"https:\/\/yguacumaquinas.com.br\/\",\"logo\":{\"@type\":\"ImageObject\",\"inLanguage\":\"en-US\",\"@id\":\"https:\/\/yguacumaquinas.com.br\/#\/schema\/logo\/image\/\",\"url\":\"https:\/\/yguacumaquinas.com.br\/wp-content\/uploads\/2024\/05\/Logo-Yguacu-site.webp\",\"contentUrl\":\"https:\/\/yguacumaquinas.com.br\/wp-content\/uploads\/2024\/05\/Logo-Yguacu-site.webp\",\"width\":208,\"height\":102,\"caption\":\"Ygua\u00e7u M\u00e1quinas\"},\"image\":{\"@id\":\"https:\/\/yguacumaquinas.com.br\/#\/schema\/logo\/image\/\"},\"sameAs\":[\"https:\/\/www.facebook.com\/Yguacu\"]}]}<\/script>\n<!-- \/ Yoast SEO plugin. -->","yoast_head_json":{"title":"Termopar Tipo J (Cabo de 5m) - Ygua\u00e7u M\u00e1quinas","robots":{"index":"index","follow":"follow","max-snippet":"max-snippet:-1","max-image-preview":"max-image-preview:large","max-video-preview":"max-video-preview:-1"},"canonical":"https:\/\/yguacumaquinas.com.br\/en\/product\/termopar-tipo-j-cabo-de-5m\/","og_locale":"en_US","og_type":"article","og_title":"Termopar Tipo J (Cabo de 5m) - Ygua\u00e7u M\u00e1quinas","og_description":"Sensor de temperatura do tipo J, com cabo blindado de 5 metros, usado para medir temperatura dos ber\u00e7os t\u00e9rmicos de prensas Ygua\u00e7u M\u00e1quinas","og_url":"https:\/\/yguacumaquinas.com.br\/en\/product\/termopar-tipo-j-cabo-de-5m\/","og_site_name":"Ygua\u00e7u M\u00e1quinas","article_publisher":"https:\/\/www.facebook.com\/Yguacu","article_modified_time":"2025-09-25T15:21:03+00:00","og_image":[{"width":1080,"height":1080,"url":"https:\/\/yguacumaquinas.com.br\/wp-content\/uploads\/2025\/07\/Cabo-Termopar-Tipo-J-Todos-os-tamanhos.webp","type":"image\/webp"}],"twitter_card":"summary_large_image","twitter_misc":{"Est. reading time":"1 minute"},"schema":{"@context":"https:\/\/schema.org","@graph":[{"@type":"WebPage","@id":"https:\/\/yguacumaquinas.com.br\/en\/product\/termopar-tipo-j-cabo-de-5m\/","url":"https:\/\/yguacumaquinas.com.br\/en\/product\/termopar-tipo-j-cabo-de-5m\/","name":"Termopar Tipo J (Cabo de 5m) - Ygua\u00e7u M\u00e1quinas","isPartOf":{"@id":"https:\/\/yguacumaquinas.com.br\/#website"},"primaryImageOfPage":{"@id":"https:\/\/yguacumaquinas.com.br\/en\/product\/termopar-tipo-j-cabo-de-5m\/#primaryimage"},"image":{"@id":"https:\/\/yguacumaquinas.com.br\/en\/product\/termopar-tipo-j-cabo-de-5m\/#primaryimage"},"thumbnailUrl":"https:\/\/yguacumaquinas.com.br\/wp-content\/uploads\/2025\/07\/Cabo-Termopar-Tipo-J-Todos-os-tamanhos.webp","datePublished":"2025-07-22T13:35:12+00:00","dateModified":"2025-09-25T15:21:03+00:00","breadcrumb":{"@id":"https:\/\/yguacumaquinas.com.br\/en\/product\/termopar-tipo-j-cabo-de-5m\/#breadcrumb"},"inLanguage":"en-US","potentialAction":[{"@type":"ReadAction","target":["https:\/\/yguacumaquinas.com.br\/en\/product\/termopar-tipo-j-cabo-de-5m\/"]}]},{"@type":"ImageObject","inLanguage":"en-US","@id":"https:\/\/yguacumaquinas.com.br\/en\/product\/termopar-tipo-j-cabo-de-5m\/#primaryimage","url":"https:\/\/yguacumaquinas.com.br\/wp-content\/uploads\/2025\/07\/Cabo-Termopar-Tipo-J-Todos-os-tamanhos.webp","contentUrl":"https:\/\/yguacumaquinas.com.br\/wp-content\/uploads\/2025\/07\/Cabo-Termopar-Tipo-J-Todos-os-tamanhos.webp","width":1080,"height":1080},{"@type":"BreadcrumbList","@id":"https:\/\/yguacumaquinas.com.br\/en\/product\/termopar-tipo-j-cabo-de-5m\/#breadcrumb","itemListElement":[{"@type":"ListItem","position":1,"name":"In\u00edcio","item":"https:\/\/yguacumaquinas.com.br\/"},{"@type":"ListItem","position":2,"name":"Produtos","item":"https:\/\/yguacumaquinas.com.br\/loja\/"},{"@type":"ListItem","position":3,"name":"Termopar Tipo J (Cabo de 5m)"}]},{"@type":"WebSite","@id":"https:\/\/yguacumaquinas.com.br\/#website","url":"https:\/\/yguacumaquinas.com.br\/","name":"Ygua\u00e7u M\u00e1quinas","description":"Ygua\u00e7u M\u00e1quinas - Inova\u00e7\u00e3o e Qualidade em Equipamentos para Serigrafia e Impress\u00e3o. Com mais de 30 anos de experi\u00eancia, oferecemos prensas pneum\u00e1ticas, t\u00e9rmicas, secadores de tinta e mesas de impress\u00e3o de alta performance, garantindo efici\u00eancia e durabilidade para suas produ\u00e7\u00f5es.","publisher":{"@id":"https:\/\/yguacumaquinas.com.br\/#organization"},"potentialAction":[{"@type":"SearchAction","target":{"@type":"EntryPoint","urlTemplate":"https:\/\/yguacumaquinas.com.br\/?s={search_term_string}"},"query-input":{"@type":"PropertyValueSpecification","valueRequired":true,"valueName":"search_term_string"}}],"inLanguage":"en-US"},{"@type":"Organization","@id":"https:\/\/yguacumaquinas.com.br\/#organization","name":"Ygua\u00e7u M\u00e1quinas","alternateName":"https:\/\/yguacumaquinas.com.br\/todos-produtos\/","url":"https:\/\/yguacumaquinas.com.br\/","logo":{"@type":"ImageObject","inLanguage":"en-US","@id":"https:\/\/yguacumaquinas.com.br\/#\/schema\/logo\/image\/","url":"https:\/\/yguacumaquinas.com.br\/wp-content\/uploads\/2024\/05\/Logo-Yguacu-site.webp","contentUrl":"https:\/\/yguacumaquinas.com.br\/wp-content\/uploads\/2024\/05\/Logo-Yguacu-site.webp","width":208,"height":102,"caption":"Ygua\u00e7u M\u00e1quinas"},"image":{"@id":"https:\/\/yguacumaquinas.com.br\/#\/schema\/logo\/image\/"},"sameAs":["https:\/\/www.facebook.com\/Yguacu"]}]}},"_links":{"self":[{"href":"https:\/\/yguacumaquinas.com.br\/en\/wp-json\/wp\/v2\/product\/13100","targetHints":{"allow":["GET"]}}],"collection":[{"href":"https:\/\/yguacumaquinas.com.br\/en\/wp-json\/wp\/v2\/product"}],"about":[{"href":"https:\/\/yguacumaquinas.com.br\/en\/wp-json\/wp\/v2\/types\/product"}],"replies":[{"embeddable":true,"href":"https:\/\/yguacumaquinas.com.br\/en\/wp-json\/wp\/v2\/comments?post=13100"}],"wp:featuredmedia":[{"embeddable":true,"href":"https:\/\/yguacumaquinas.com.br\/en\/wp-json\/wp\/v2\/media\/13134"}],"wp:attachment":[{"href":"https:\/\/yguacumaquinas.com.br\/en\/wp-json\/wp\/v2\/media?parent=13100"}],"wp:term":[{"taxonomy":"product_brand","embeddable":true,"href":"https:\/\/yguacumaquinas.com.br\/en\/wp-json\/wp\/v2\/product_brand?post=13100"},{"taxonomy":"product_cat","embeddable":true,"href":"https:\/\/yguacumaquinas.com.br\/en\/wp-json\/wp\/v2\/product_cat?post=13100"},{"taxonomy":"product_tag","embeddable":true,"href":"https:\/\/yguacumaquinas.com.br\/en\/wp-json\/wp\/v2\/product_tag?post=13100"}],"curies":[{"name":"wp","href":"https:\/\/api.w.org\/{rel}","templated":true}]}}